{"id":8,"date":"2020-02-29T00:21:57","date_gmt":"2020-02-28T22:21:57","guid":{"rendered":"http:\/\/astroida-bg.com\/?page_id=8"},"modified":"2020-02-29T23:06:36","modified_gmt":"2020-02-29T21:06:36","slug":"about-us","status":"publish","type":"page","link":"https:\/\/astroida-bg.com\/fr\/about-us\/","title":{"rendered":"\u00c0 propos de nous"},"content":{"rendered":"<p><\/p>\n<p>L` activit\u00e9 d`ASTROIDA Ltd. commence en 1990 avec la production de d\u00e9vidoirs pour machines \u00e0 souder. En 1992, l&rsquo;entreprise d\u00e9veloppe sa production avec mise en place \u00e0 la fois de machines CNC et de logiciels de programmation, qui font une large gamme d&rsquo;usinage m\u00e9canique de pi\u00e8ces, unit\u00e9s et produits pour la construction m\u00e9canique.<\/p>\n<p>En 2001, l&rsquo;entreprise se sp\u00e9cialise sur la production de pi\u00e8ces et d`assemblages d` instruments optiques et opto-m\u00e9caniques pour des entreprises partenaires en Allemagne et en France.<\/p>\n<p>Mentenant, ASTROIDA Ltd. a une tradition bien \u00e9tablie dans la production de blocs et de composants hydrauliques. Les produits d`ASTROIDA ont une pr\u00e9sence sur le march\u00e9 europ\u00e9en &#8211; Allemagne, France, Pays-Bas, Suisse, Su\u00e8de, et \u00e9galement hors d&rsquo;Europe &#8211; Isra\u00ebl et Turquie.<\/p>\n<p>Des \u00e9quipements technologiques modernes, des moyens techniques de contr\u00f4le, de mesures et d&rsquo;essais, garantissent une tr\u00e8s haute qualit\u00e9 des produits fabriqu\u00e9s. La capacit\u00e9 de l&rsquo;entreprise et la modernisation technique font Astroida un partenaire commercial privil\u00e9gi\u00e9.<\/p>\n<p>La ressource la plus pr\u00e9cieuse pour l&rsquo;entreprise c`est son personnel qui respecte parfaitement les qualifications, les comp\u00e9tences et l&rsquo;exp\u00e9rience requises.<\/p>\n<p><strong>En 2002, l&rsquo;entreprise est certifi\u00e9e par ISO 9001: 2008 et OSHAS 18001: 2007.<\/strong><\/p>\n<p>En 2016, un syst\u00e8me ERP a \u00e9t\u00e9 mis en place.<\/p>\n<p>En 2018, Astroida est d\u00e9m\u00e9nag\u00e9e sur son propre nouveau terrain de 22000 m2 et une \u00a0zone industrielle de 7000 m2 .<\/p>\n<p>La structure organisationnelle \u00e9tablie garantit l&rsquo;efficience et l&rsquo;efficacit\u00e9 de l&rsquo;entreprise.<\/p>\n<p><\/p>","protected":false},"excerpt":{"rendered":"<p>L` activit\u00e9 d`ASTROIDA Ltd. commence en 1990 avec la production de d\u00e9vidoirs pour machines \u00e0 souder. En 1992, l&rsquo;entreprise d\u00e9veloppe sa production avec mise en place \u00e0 la fois de machines CNC et de logiciels de programmation, qui font une large gamme d&rsquo;usinage m\u00e9canique de pi\u00e8ces, unit\u00e9s et produits pour la construction m\u00e9canique. En 2001, [&hellip;]<\/p>\n","protected":false},"author":1,"featured_media":0,"parent":0,"menu_order":0,"comment_status":"closed","ping_status":"closed","template":"","meta":[],"_links":{"self":[{"href":"https:\/\/astroida-bg.com\/fr\/wp-json\/wp\/v2\/pages\/8"}],"collection":[{"href":"https:\/\/astroida-bg.com\/fr\/wp-json\/wp\/v2\/pages"}],"about":[{"href":"https:\/\/astroida-bg.com\/fr\/wp-json\/wp\/v2\/types\/page"}],"author":[{"embeddable":true,"href":"https:\/\/astroida-bg.com\/fr\/wp-json\/wp\/v2\/users\/1"}],"replies":[{"embeddable":true,"href":"https:\/\/astroida-bg.com\/fr\/wp-json\/wp\/v2\/comments?post=8"}],"version-history":[{"count":2,"href":"https:\/\/astroida-bg.com\/fr\/wp-json\/wp\/v2\/pages\/8\/revisions"}],"predecessor-version":[{"id":50,"href":"https:\/\/astroida-bg.com\/fr\/wp-json\/wp\/v2\/pages\/8\/revisions\/50"}],"wp:attachment":[{"href":"https:\/\/astroida-bg.com\/fr\/wp-json\/wp\/v2\/media?parent=8"}],"curies":[{"name":"wp","href":"https:\/\/api.w.org\/{rel}","templated":true}]}}