{"id":8,"date":"2020-02-29T00:21:57","date_gmt":"2020-02-28T22:21:57","guid":{"rendered":"http:\/\/astroida-bg.com\/?page_id=8"},"modified":"2020-02-29T23:06:36","modified_gmt":"2020-02-29T21:06:36","slug":"about-us","status":"publish","type":"page","link":"https:\/\/astroida-bg.com\/de\/about-us\/","title":{"rendered":"\u00dcber uns"},"content":{"rendered":"<p><\/p>\n<p>ASTROIDA Ltd. hat seine T\u00e4tigkeit im Jahr 1990 mit der Herstellung von Drahtvorschubger\u00e4ten f\u00fcr Schwei\u00dfmaschinen begonnen. Seit 1992 hat das Unternehmen mit der Implementierung von CNC-Maschinen und der Programmiersoftware seine Produktion erweitert und eine breite Palette von mechanischen Teilen, Einheiten und Produkten f\u00fcr den Maschinenbau entwickelt.<\/p>\n<p>Seit 2001 ist das Unternehmen auf die Herstellung von Pr\u00e4zisionsteilen und Baugruppen f\u00fcr optische und opto-mechanische Instrumente f\u00fcr Partnerunternehmen in Deutschland und Frankreich spezialisiert.<\/p>\n<p>Gegenw\u00e4rtig hat ASTROIDA Ltd. eine lange Tradition in der Herstellung von Bl\u00f6cken und Bauteilen f\u00fcr Hydraulikprodukte. Die Produkte von ASTROIDA sind auf dem europ\u00e4ischen Markt etabliert &#8211; in Deutschland, Frankreich, den Niederlanden, der Schweiz, Schweden und auch au\u00dferhalb Europas &#8211; in Israel und der T\u00fcrkei.<\/p>\n<p>Moderne technologische Ger\u00e4te, technische Kontroll-, Mess- und Pr\u00fcfmittel garantieren die hohe Qualit\u00e4t der hergestellten Produkte. Die F\u00e4higkeit des Unternehmens, seine technische Basis zu aktualisieren und zu modernisieren, macht Astroida zu einem bevorzugten Gesch\u00e4ftspartner.<\/p>\n<p>Die wertvollste Ressource f\u00fcr das Unternehmen sind die Mitarbeiter, die den Qualifikationshintergrund, die F\u00e4higkeiten und die Anforderungen an die Erfahrung genauestens einhalten.<\/p>\n<p><strong>Seit 2002 ist das Unternehmen nach ISO 9001: 2008 und OSHAS 18001: 2007 zertifiziert.<\/strong><\/p>\n<p>Im Jahr 2016 wurde ein ERP-System implementiert.<\/p>\n<p>Im Jahr 2018 bezog Astroida ein eigenes neues Gel\u00e4nde mit 22.000 m2 und<\/p>\n<p>7.000 m2 \u00fcberdachter Industriefl\u00e4che.<\/p>\n<p>Die etablierte Organisationsstruktur garantiert die Effizienz und Effektivit\u00e4t des Unternehmens.<\/p>\n<p><\/p>","protected":false},"excerpt":{"rendered":"<p>ASTROIDA Ltd. hat seine T\u00e4tigkeit im Jahr 1990 mit der Herstellung von Drahtvorschubger\u00e4ten f\u00fcr Schwei\u00dfmaschinen begonnen. Seit 1992 hat das Unternehmen mit der Implementierung von CNC-Maschinen und der Programmiersoftware seine Produktion erweitert und eine breite Palette von mechanischen Teilen, Einheiten und Produkten f\u00fcr den Maschinenbau entwickelt. Seit 2001 ist das Unternehmen auf die Herstellung von [&hellip;]<\/p>\n","protected":false},"author":1,"featured_media":0,"parent":0,"menu_order":0,"comment_status":"closed","ping_status":"closed","template":"","meta":[],"_links":{"self":[{"href":"https:\/\/astroida-bg.com\/de\/wp-json\/wp\/v2\/pages\/8"}],"collection":[{"href":"https:\/\/astroida-bg.com\/de\/wp-json\/wp\/v2\/pages"}],"about":[{"href":"https:\/\/astroida-bg.com\/de\/wp-json\/wp\/v2\/types\/page"}],"author":[{"embeddable":true,"href":"https:\/\/astroida-bg.com\/de\/wp-json\/wp\/v2\/users\/1"}],"replies":[{"embeddable":true,"href":"https:\/\/astroida-bg.com\/de\/wp-json\/wp\/v2\/comments?post=8"}],"version-history":[{"count":2,"href":"https:\/\/astroida-bg.com\/de\/wp-json\/wp\/v2\/pages\/8\/revisions"}],"predecessor-version":[{"id":50,"href":"https:\/\/astroida-bg.com\/de\/wp-json\/wp\/v2\/pages\/8\/revisions\/50"}],"wp:attachment":[{"href":"https:\/\/astroida-bg.com\/de\/wp-json\/wp\/v2\/media?parent=8"}],"curies":[{"name":"wp","href":"https:\/\/api.w.org\/{rel}","templated":true}]}}