{"id":10,"date":"2020-02-29T00:22:27","date_gmt":"2020-02-28T22:22:27","guid":{"rendered":"http:\/\/astroida-bg.com\/?page_id=10"},"modified":"2020-10-14T12:45:46","modified_gmt":"2020-10-14T09:45:46","slug":"deynost","status":"publish","type":"page","link":"https:\/\/astroida-bg.com\/de\/deynost\/","title":{"rendered":"T\u00e4tigkeitgegenstand"},"content":{"rendered":"<p>Die Firma \u201c Astroida \u201c GmbH\u00a0 ist ein Maschninenbauunternehmen f\u00fcr mechanische Bearbeitung und Montage. Die Hauptt\u00e4tigkeit sind folgende Produktionen:<\/p>\r\n<ul>\r\n<li>Teile, Baugruppen und Waren f\u00fcr\u00a0 Maschinenbau;<\/li>\r\n<li>Hydraulische Blocken &#8211; mittelgrossen Serien, Einzelst\u00fccke und Prototype Teile;<\/li>\r\n<li>Pr\u00e4zise mechanische Teile f\u00fcr optische und optoelektronische Ger\u00e4te;<\/li>\r\n<li>Werkzeugfertigung f\u00fcr Herstellung optischer Waren &#8211; Glaslinsen, Prismen.<\/li>\r\n<\/ul>\r\n\n\t\t<style type=\"text\/css\">\n\t\t\t#gallery-3 {\n\t\t\t\tmargin: auto;\n\t\t\t}\n\t\t\t#gallery-3 .gallery-item {\n\t\t\t\tfloat: left;\n\t\t\t\tmargin-top: 10px;\n\t\t\t\ttext-align: center;\n\t\t\t\twidth: 33%;\n\t\t\t}\n\t\t\t#gallery-3 img {\n\t\t\t\tborder: 2px solid #cfcfcf;\n\t\t\t}\n\t\t\t#gallery-3 .gallery-caption {\n\t\t\t\tmargin-left: 0;\n\t\t\t}\n\t\t\t\/* see gallery_shortcode() in wp-includes\/media.php *\/\n\t\t<\/style>\n\t\t<div id='gallery-3' class='gallery galleryid-10 gallery-columns-3 gallery-size-medium'><dl class='gallery-item'>\n\t\t\t<dt class='gallery-icon landscape'>\n\t\t\t\t<a href='https:\/\/astroida-bg.com\/wp-content\/uploads\/2020\/02\/astroida-12.jpg'><img width=\"300\" height=\"200\" src=\"https:\/\/astroida-bg.com\/wp-content\/uploads\/2020\/02\/astroida-12-300x200.jpg\" class=\"attachment-medium size-medium\" alt=\"\" loading=\"lazy\" srcset=\"https:\/\/astroida-bg.com\/wp-content\/uploads\/2020\/02\/astroida-12-300x200.jpg 300w, https:\/\/astroida-bg.com\/wp-content\/uploads\/2020\/02\/astroida-12-768x513.jpg 768w, https:\/\/astroida-bg.com\/wp-content\/uploads\/2020\/02\/astroida-12.jpg 800w\" sizes=\"(max-width: 300px) 100vw, 300px\" \/><\/a>\n\t\t\t<\/dt><\/dl><dl class='gallery-item'>\n\t\t\t<dt class='gallery-icon landscape'>\n\t\t\t\t<a href='https:\/\/astroida-bg.com\/wp-content\/uploads\/2020\/02\/astroida-11.jpg'><img width=\"300\" height=\"200\" src=\"https:\/\/astroida-bg.com\/wp-content\/uploads\/2020\/02\/astroida-11-300x200.jpg\" class=\"attachment-medium size-medium\" alt=\"\" loading=\"lazy\" srcset=\"https:\/\/astroida-bg.com\/wp-content\/uploads\/2020\/02\/astroida-11-300x200.jpg 300w, https:\/\/astroida-bg.com\/wp-content\/uploads\/2020\/02\/astroida-11-768x513.jpg 768w, https:\/\/astroida-bg.com\/wp-content\/uploads\/2020\/02\/astroida-11.jpg 800w\" sizes=\"(max-width: 300px) 100vw, 300px\" \/><\/a>\n\t\t\t<\/dt><\/dl><dl class='gallery-item'>\n\t\t\t<dt class='gallery-icon landscape'>\n\t\t\t\t<a href='https:\/\/astroida-bg.com\/wp-content\/uploads\/2020\/02\/astroida-10.jpg'><img width=\"300\" height=\"200\" src=\"https:\/\/astroida-bg.com\/wp-content\/uploads\/2020\/02\/astroida-10-300x200.jpg\" class=\"attachment-medium size-medium\" alt=\"\" loading=\"lazy\" srcset=\"https:\/\/astroida-bg.com\/wp-content\/uploads\/2020\/02\/astroida-10-300x200.jpg 300w, https:\/\/astroida-bg.com\/wp-content\/uploads\/2020\/02\/astroida-10-768x513.jpg 768w, https:\/\/astroida-bg.com\/wp-content\/uploads\/2020\/02\/astroida-10.jpg 800w\" sizes=\"(max-width: 300px) 100vw, 300px\" \/><\/a>\n\t\t\t<\/dt><\/dl><br style=\"clear: both\" \/><dl class='gallery-item'>\n\t\t\t<dt class='gallery-icon landscape'>\n\t\t\t\t<a href='https:\/\/astroida-bg.com\/wp-content\/uploads\/2020\/02\/astroida-9.jpg'><img width=\"300\" height=\"200\" src=\"https:\/\/astroida-bg.com\/wp-content\/uploads\/2020\/02\/astroida-9-300x200.jpg\" class=\"attachment-medium size-medium\" alt=\"\" loading=\"lazy\" srcset=\"https:\/\/astroida-bg.com\/wp-content\/uploads\/2020\/02\/astroida-9-300x200.jpg 300w, https:\/\/astroida-bg.com\/wp-content\/uploads\/2020\/02\/astroida-9-768x513.jpg 768w, https:\/\/astroida-bg.com\/wp-content\/uploads\/2020\/02\/astroida-9.jpg 800w\" sizes=\"(max-width: 300px) 100vw, 300px\" \/><\/a>\n\t\t\t<\/dt><\/dl><dl class='gallery-item'>\n\t\t\t<dt class='gallery-icon landscape'>\n\t\t\t\t<a href='https:\/\/astroida-bg.com\/wp-content\/uploads\/2020\/02\/astroida-8.jpg'><img width=\"300\" height=\"200\" src=\"https:\/\/astroida-bg.com\/wp-content\/uploads\/2020\/02\/astroida-8-300x200.jpg\" class=\"attachment-medium size-medium\" alt=\"\" loading=\"lazy\" srcset=\"https:\/\/astroida-bg.com\/wp-content\/uploads\/2020\/02\/astroida-8-300x200.jpg 300w, https:\/\/astroida-bg.com\/wp-content\/uploads\/2020\/02\/astroida-8-768x513.jpg 768w, https:\/\/astroida-bg.com\/wp-content\/uploads\/2020\/02\/astroida-8.jpg 800w\" sizes=\"(max-width: 300px) 100vw, 300px\" \/><\/a>\n\t\t\t<\/dt><\/dl><dl class='gallery-item'>\n\t\t\t<dt class='gallery-icon landscape'>\n\t\t\t\t<a href='https:\/\/astroida-bg.com\/wp-content\/uploads\/2020\/02\/astroida-6.jpg'><img width=\"300\" height=\"200\" src=\"https:\/\/astroida-bg.com\/wp-content\/uploads\/2020\/02\/astroida-6-300x200.jpg\" class=\"attachment-medium size-medium\" alt=\"\" loading=\"lazy\" srcset=\"https:\/\/astroida-bg.com\/wp-content\/uploads\/2020\/02\/astroida-6-300x200.jpg 300w, https:\/\/astroida-bg.com\/wp-content\/uploads\/2020\/02\/astroida-6-768x513.jpg 768w, https:\/\/astroida-bg.com\/wp-content\/uploads\/2020\/02\/astroida-6.jpg 800w\" sizes=\"(max-width: 300px) 100vw, 300px\" \/><\/a>\n\t\t\t<\/dt><\/dl><br style=\"clear: both\" \/><dl class='gallery-item'>\n\t\t\t<dt class='gallery-icon landscape'>\n\t\t\t\t<a href='https:\/\/astroida-bg.com\/wp-content\/uploads\/2020\/02\/astroida.jpg'><img width=\"300\" height=\"191\" src=\"https:\/\/astroida-bg.com\/wp-content\/uploads\/2020\/02\/astroida-300x191.jpg\" class=\"attachment-medium size-medium\" alt=\"\" loading=\"lazy\" srcset=\"https:\/\/astroida-bg.com\/wp-content\/uploads\/2020\/02\/astroida-300x191.jpg 300w, https:\/\/astroida-bg.com\/wp-content\/uploads\/2020\/02\/astroida-768x490.jpg 768w, https:\/\/astroida-bg.com\/wp-content\/uploads\/2020\/02\/astroida.jpg 800w\" sizes=\"(max-width: 300px) 100vw, 300px\" \/><\/a>\n\t\t\t<\/dt><\/dl><dl class='gallery-item'>\n\t\t\t<dt class='gallery-icon landscape'>\n\t\t\t\t<a href='https:\/\/astroida-bg.com\/wp-content\/uploads\/2020\/02\/astroida-1.jpg'><img width=\"300\" height=\"194\" src=\"https:\/\/astroida-bg.com\/wp-content\/uploads\/2020\/02\/astroida-1-300x194.jpg\" class=\"attachment-medium size-medium\" alt=\"\" loading=\"lazy\" srcset=\"https:\/\/astroida-bg.com\/wp-content\/uploads\/2020\/02\/astroida-1-300x194.jpg 300w, https:\/\/astroida-bg.com\/wp-content\/uploads\/2020\/02\/astroida-1-768x496.jpg 768w, https:\/\/astroida-bg.com\/wp-content\/uploads\/2020\/02\/astroida-1.jpg 800w\" sizes=\"(max-width: 300px) 100vw, 300px\" \/><\/a>\n\t\t\t<\/dt><\/dl><dl class='gallery-item'>\n\t\t\t<dt class='gallery-icon landscape'>\n\t\t\t\t<a href='https:\/\/astroida-bg.com\/wp-content\/uploads\/2020\/02\/astroida-2.jpg'><img width=\"300\" height=\"205\" src=\"https:\/\/astroida-bg.com\/wp-content\/uploads\/2020\/02\/astroida-2-300x205.jpg\" class=\"attachment-medium size-medium\" alt=\"\" loading=\"lazy\" srcset=\"https:\/\/astroida-bg.com\/wp-content\/uploads\/2020\/02\/astroida-2-300x205.jpg 300w, https:\/\/astroida-bg.com\/wp-content\/uploads\/2020\/02\/astroida-2-768x524.jpg 768w, https:\/\/astroida-bg.com\/wp-content\/uploads\/2020\/02\/astroida-2.jpg 800w\" sizes=\"(max-width: 300px) 100vw, 300px\" \/><\/a>\n\t\t\t<\/dt><\/dl><br style=\"clear: both\" \/><dl class='gallery-item'>\n\t\t\t<dt class='gallery-icon landscape'>\n\t\t\t\t<a href='https:\/\/astroida-bg.com\/wp-content\/uploads\/2020\/02\/astroida-3.jpg'><img width=\"300\" height=\"182\" src=\"https:\/\/astroida-bg.com\/wp-content\/uploads\/2020\/02\/astroida-3-300x182.jpg\" class=\"attachment-medium size-medium\" alt=\"\" loading=\"lazy\" srcset=\"https:\/\/astroida-bg.com\/wp-content\/uploads\/2020\/02\/astroida-3-300x182.jpg 300w, https:\/\/astroida-bg.com\/wp-content\/uploads\/2020\/02\/astroida-3-768x466.jpg 768w, https:\/\/astroida-bg.com\/wp-content\/uploads\/2020\/02\/astroida-3.jpg 800w\" sizes=\"(max-width: 300px) 100vw, 300px\" \/><\/a>\n\t\t\t<\/dt><\/dl><dl class='gallery-item'>\n\t\t\t<dt class='gallery-icon landscape'>\n\t\t\t\t<a href='https:\/\/astroida-bg.com\/wp-content\/uploads\/2020\/02\/astroida-4.jpg'><img width=\"300\" height=\"196\" src=\"https:\/\/astroida-bg.com\/wp-content\/uploads\/2020\/02\/astroida-4-300x196.jpg\" class=\"attachment-medium size-medium\" alt=\"\" loading=\"lazy\" srcset=\"https:\/\/astroida-bg.com\/wp-content\/uploads\/2020\/02\/astroida-4-300x196.jpg 300w, https:\/\/astroida-bg.com\/wp-content\/uploads\/2020\/02\/astroida-4-768x501.jpg 768w, https:\/\/astroida-bg.com\/wp-content\/uploads\/2020\/02\/astroida-4.jpg 800w\" sizes=\"(max-width: 300px) 100vw, 300px\" \/><\/a>\n\t\t\t<\/dt><\/dl><dl class='gallery-item'>\n\t\t\t<dt class='gallery-icon landscape'>\n\t\t\t\t<a href='https:\/\/astroida-bg.com\/wp-content\/uploads\/2020\/02\/astroida-5.jpg'><img width=\"300\" height=\"185\" src=\"https:\/\/astroida-bg.com\/wp-content\/uploads\/2020\/02\/astroida-5-300x185.jpg\" class=\"attachment-medium size-medium\" alt=\"\" loading=\"lazy\" srcset=\"https:\/\/astroida-bg.com\/wp-content\/uploads\/2020\/02\/astroida-5-300x185.jpg 300w, https:\/\/astroida-bg.com\/wp-content\/uploads\/2020\/02\/astroida-5-768x474.jpg 768w, https:\/\/astroida-bg.com\/wp-content\/uploads\/2020\/02\/astroida-5.jpg 800w\" sizes=\"(max-width: 300px) 100vw, 300px\" \/><\/a>\n\t\t\t<\/dt><\/dl><br style=\"clear: both\" \/>\n\t\t<\/div>","protected":false},"excerpt":{"rendered":"<p>Die Firma \u201c Astroida \u201c GmbH\u00a0 ist ein Maschninenbauunternehmen f\u00fcr mechanische Bearbeitung und Montage. Die Hauptt\u00e4tigkeit sind folgende Produktionen: Teile, Baugruppen und Waren f\u00fcr\u00a0 Maschinenbau; Hydraulische Blocken &#8211; mittelgrossen Serien, Einzelst\u00fccke und Prototype Teile; Pr\u00e4zise mechanische Teile f\u00fcr optische und optoelektronische Ger\u00e4te; Werkzeugfertigung f\u00fcr Herstellung optischer Waren &#8211; Glaslinsen, Prismen.<\/p>\n","protected":false},"author":1,"featured_media":0,"parent":0,"menu_order":0,"comment_status":"closed","ping_status":"closed","template":"","meta":[],"_links":{"self":[{"href":"https:\/\/astroida-bg.com\/de\/wp-json\/wp\/v2\/pages\/10"}],"collection":[{"href":"https:\/\/astroida-bg.com\/de\/wp-json\/wp\/v2\/pages"}],"about":[{"href":"https:\/\/astroida-bg.com\/de\/wp-json\/wp\/v2\/types\/page"}],"author":[{"embeddable":true,"href":"https:\/\/astroida-bg.com\/de\/wp-json\/wp\/v2\/users\/1"}],"replies":[{"embeddable":true,"href":"https:\/\/astroida-bg.com\/de\/wp-json\/wp\/v2\/comments?post=10"}],"version-history":[{"count":7,"href":"https:\/\/astroida-bg.com\/de\/wp-json\/wp\/v2\/pages\/10\/revisions"}],"predecessor-version":[{"id":286,"href":"https:\/\/astroida-bg.com\/de\/wp-json\/wp\/v2\/pages\/10\/revisions\/286"}],"wp:attachment":[{"href":"https:\/\/astroida-bg.com\/de\/wp-json\/wp\/v2\/media?parent=10"}],"curies":[{"name":"wp","href":"https:\/\/api.w.org\/{rel}","templated":true}]}}